{"id":89,"date":"2024-06-14T11:11:53","date_gmt":"2024-06-14T11:11:53","guid":{"rendered":"https:\/\/hadratech.com\/hadratech\/?page_id=89"},"modified":"2025-05-12T10:42:27","modified_gmt":"2025-05-12T10:42:27","slug":"hadramed-healthcare-solution-demandez-une-demontration","status":"publish","type":"page","link":"https:\/\/hadratech.com\/?page_id=89","title":{"rendered":"Hadramed,Plateforme Modulaire E-Sant\u00e9,by HadraTech"},"content":{"rendered":"\n<div class=\"wp-block-group alignfull is-content-justification-center\" style=\"margin-top:0;margin-bottom:0\"><div class=\"wp-block-group__inner-container is-layout-constrained wp-block-group-is-layout-constrained\">\n<div style=\"height:var(--wp--preset--spacing--20)\" aria-hidden=\"true\" class=\"wp-block-spacer\"><\/div>\n\n\n\n<div data-wp-interactive=\"core\/file\" class=\"wp-block-file\"><object data-wp-bind--hidden=\"!state.hasPdfPreview\" hidden class=\"wp-block-file__embed\" data=\"https:\/\/hadratech.com\/hadratech\/wp-content\/uploads\/2025\/05\/HadraTech_hadramed_PitchDeck_2025.pdf\" type=\"application\/pdf\" style=\"width:100%;height:560px\" aria-label=\"Contenu embarqu\u00e9 Hadramed : Plateforme Modulaire E-Sant\u00e9 by HadraTech.\"><\/object><a id=\"wp-block-file--media-f0324a7c-3864-4555-9a86-6051c6bc5903\" href=\"https:\/\/hadratech.com\/hadratech\/wp-content\/uploads\/2025\/05\/HadraTech_hadramed_PitchDeck_2025.pdf\">Hadramed : Plateforme Modulaire E-Sant\u00e9 by HadraTech<\/a><a href=\"https:\/\/hadratech.com\/hadratech\/wp-content\/uploads\/2025\/05\/HadraTech_hadramed_PitchDeck_2025.pdf\" class=\"wp-block-file__button wp-element-button\" download aria-describedby=\"wp-block-file--media-f0324a7c-3864-4555-9a86-6051c6bc5903\">T\u00e9l\u00e9charger<\/a><\/div>\n<\/div><\/div>\n\n\n\n<h2 class=\"wp-block-heading\"><strong>\u062a\u0642\u062f\u064a\u0645 \u0645\u064a\u0632\u0627\u062a \u0627\u0644\u062a\u0637\u0628\u064a\u0642 &#8211; Caract\u00e9ristiques de la Solution hadramed<\/strong><\/h2>\n\n\n\n<div class=\"wp-block-group\"><div class=\"wp-block-group__inner-container is-layout-constrained wp-block-group-is-layout-constrained\">\n<div class=\"wp-block-group\"><div class=\"wp-block-group__inner-container is-layout-constrained wp-block-group-is-layout-constrained\">\n<p>hadramed, la solution innovante pour la gestion des dossiers m\u00e9dicaux.<br>Une interface User Friendly et un workflow de prise en charge des patients.<br><a href=\"https:\/\/hadratech.com\/nous-contacter\/\">demandez une d\u00e9monstration, une impl\u00e9mentation<\/a><\/p>\n\n\n\n<ul class=\"wp-block-list\">\n<li>D\u00e9claration des sympt\u00f4mes<\/li>\n\n\n\n<li>En fonction du m\u00e9tier et de la fonction de l&rsquo;utilisateur de l&rsquo;application. En effet, en tant que praticien, vous avez l\u2019acc\u00e8s \u00e0 un workflow .<\/li>\n\n\n\n<li>Ajouter les Phases de diagnostique<\/li>\n<\/ul>\n\n\n\n<p>Vous pouvez par exemple ajouter le type de diagnostique \u00e0 partir de r\u00e9f\u00e9rentiel des actes m\u00e9dicaux.<\/p>\n\n\n\n<ul class=\"wp-block-list\">\n<li>Ajouter les Phase de traitement, vous pouvez par exemple ajouter le type de diagnostique \u00e0 partir de r\u00e9f\u00e9rentiel des actes m\u00e9dicaux.<\/li>\n<\/ul>\n\n\n\n<ul class=\"wp-block-list\">\n<li>\u00c9crire l&rsquo;ordonnance , vous pouvez ajouter les sp\u00e9cialit\u00e9s pharmaceutiques, pr\u00e9sentations \u00e0 partir de r\u00e9f\u00e9rentiel des m\u00e9dicaments et g\u00e9n\u00e9rer l&rsquo;ordonnance en PDF.<\/li>\n<\/ul>\n<\/div><\/div>\n\n\n\n<h2 class=\"wp-block-heading\"><a href=\"http:\/\/hadramedv2.hadratech.com\">Voir le site de la d\u00e9monstration<\/a><\/h2>\n<\/div><\/div>\n\n\n\n<div class=\"wp-block-columns is-layout-flex wp-container-core-columns-is-layout-9d6595d7 wp-block-columns-is-layout-flex\">\n<div class=\"wp-block-column is-layout-flow wp-block-column-is-layout-flow\"><\/div>\n\n\n\n<div class=\"wp-block-column is-layout-flow wp-block-column-is-layout-flow\"><\/div>\n<\/div>\n\n\n\n<p><br><\/p>\n","protected":false},"excerpt":{"rendered":"<p>\u062a\u0642\u062f\u064a\u0645 \u0645\u064a\u0632\u0627\u062a \u0627\u0644\u062a\u0637\u0628\u064a\u0642 &#8211; Caract\u00e9ristiques de la Solution hadramed hadramed, la solution innovante pour la gestion des dossiers m\u00e9dicaux.Une interface User Friendly et un workflow de prise en charge des patients.demandez une d\u00e9monstration, une impl\u00e9mentation Vous pouvez par exemple ajouter le type de diagnostique \u00e0 partir de r\u00e9f\u00e9rentiel des actes m\u00e9dicaux. Voir le site de [&hellip;]<\/p>\n","protected":false},"author":1,"featured_media":0,"parent":0,"menu_order":0,"comment_status":"closed","ping_status":"closed","template":"","meta":{"footnotes":""},"class_list":["post-89","page","type-page","status-publish","hentry"],"_links":{"self":[{"href":"https:\/\/hadratech.com\/index.php?rest_route=\/wp\/v2\/pages\/89","targetHints":{"allow":["GET"]}}],"collection":[{"href":"https:\/\/hadratech.com\/index.php?rest_route=\/wp\/v2\/pages"}],"about":[{"href":"https:\/\/hadratech.com\/index.php?rest_route=\/wp\/v2\/types\/page"}],"author":[{"embeddable":true,"href":"https:\/\/hadratech.com\/index.php?rest_route=\/wp\/v2\/users\/1"}],"replies":[{"embeddable":true,"href":"https:\/\/hadratech.com\/index.php?rest_route=%2Fwp%2Fv2%2Fcomments&post=89"}],"version-history":[{"count":18,"href":"https:\/\/hadratech.com\/index.php?rest_route=\/wp\/v2\/pages\/89\/revisions"}],"predecessor-version":[{"id":266,"href":"https:\/\/hadratech.com\/index.php?rest_route=\/wp\/v2\/pages\/89\/revisions\/266"}],"wp:attachment":[{"href":"https:\/\/hadratech.com\/index.php?rest_route=%2Fwp%2Fv2%2Fmedia&parent=89"}],"curies":[{"name":"wp","href":"https:\/\/api.w.org\/{rel}","templated":true}]}}