{"id":10,"date":"2021-08-11T11:18:44","date_gmt":"2021-08-11T09:18:44","guid":{"rendered":"https:\/\/cabinetmedical.dynmobile.fr\/wp\/?page_id=10"},"modified":"2025-05-30T10:22:29","modified_gmt":"2025-05-30T10:22:29","slug":"accueil","status":"publish","type":"page","link":"https:\/\/hadratech.com\/","title":{"rendered":"Pr\u00e9sentation"},"content":{"rendered":"<ul class=\"wp-block-latest-posts__list wp-block-latest-posts\"><li><a class=\"wp-block-latest-posts__post-title\" href=\"https:\/\/hadratech.com\/?p=279\">ERP Construction\/Infrastructure : Une Solution Compl\u00e8te de Gestion de Projets et de Ressources<\/a><\/li>\n<li><a class=\"wp-block-latest-posts__post-title\" href=\"https:\/\/hadratech.com\/?p=237\">HADRATECH en Action : Intelligent Reservoir Performance Optimization<\/a><\/li>\n<li><a class=\"wp-block-latest-posts__post-title\" href=\"https:\/\/hadratech.com\/?p=236\">HADRATECH en Action : Innovation Sant\u00e9 Num\u00e9rique<\/a><\/li>\n<li><a class=\"wp-block-latest-posts__post-title\" href=\"https:\/\/hadratech.com\/?p=213\">Couplage des outils d&rsquo;orchestration et le Syst\u00e8me de routage de messages pour l&rsquo;interop\u00e9rabilit\u00e9 \u00e0 grande \u00e9chelle<\/a><\/li>\n<li><a class=\"wp-block-latest-posts__post-title\" href=\"https:\/\/hadratech.com\/?p=184\">Pr\u00e9sentation g\u00e9n\u00e9rale de HADRATECH<\/a><\/li>\n<\/ul>\n\n\n<p>News : <a href=\"https:\/\/hadratech.com\/?p=236\" data-type=\"link\" data-id=\"post.php?post=10\" target=\"_blank\" rel=\"noreferrer noopener\">Innovation Sant\u00e9 Num\u00e9rique <\/a><\/p>\n\n\n\n<h3 class=\"wp-block-heading\"><strong>HADRATECH<\/strong> est une entreprise Franco mauritanienne sp\u00e9cialis\u00e9e dans les domaines des \u00e9tudes, de la transformation digitale, du Master Data Management (MDM), des Syst\u00e8mes d&rsquo;Information G\u00e9ographique (SIG) et des standards des \u00e9changes de donn\u00e9es. Nous collaborons avec des partenaires nationaux et internationaux pour garantir que nos prestations de service soient r\u00e9alis\u00e9es dans les r\u00e8gles de l\u2019art.<\/h3>\n\n\n\n<h2 class=\"wp-block-heading has-large-font-size\"><strong>Notre Vision<\/strong><\/h2>\n\n\n\n<p><br>Notre objectif principal est d\u2019apporter des solutions innovantes pour am\u00e9liorer la vie des gens, notamment gr\u00e2ce aux nouvelles technologies. Nous sommes dans les domaines p\u00e9troliers et miniers, les normes d\u2019interop\u00e9rabilit\u00e9 entre syst\u00e8mes h\u00e9t\u00e9rog\u00e8nes, le Master Data Management, l\u2019acquisition, le traitement, la transformation et l&rsquo;archivage des donn\u00e9es, ainsi que le d\u00e9veloppement de connecteurs pour acc\u00e9der aux ressources externes. Que vous soyez une petite, moyenne ou grande entreprise, nous sommes \u00e0 votre disposition pour vous accompagner dans votre transformation digitale.<\/p>\n\n\n\n<h2 class=\"wp-block-heading has-text-align-left has-medium-font-size\">Un engagement fort envers l&rsquo;innovation et l&rsquo;am\u00e9lioration continue!<\/h2>\n\n\n\n<h3 class=\"wp-block-heading\" style=\"font-size:24px;line-height:1.3\"><strong>Domaines d\u2019intervention&nbsp;<\/strong><\/h3>\n\n\n\n<ul class=\"wp-block-list\">\n<li>P\u00e9trole (OIL&amp;GAS) et Mines ;<\/li>\n\n\n\n<li>Sant\u00e9 et Assurance ;<\/li>\n\n\n\n<li>Agriculture &amp; Ecologie\/ Management Urbain<\/li>\n<\/ul>\n\n\n\n<p class=\"has-large-font-size\"><strong>P\u00f4le Conseil en Data Management, Data Int\u00e9gration et Cybers\u00e9curit\u00e9<\/strong><\/p>\n\n\n\n<ul class=\"wp-block-list\">\n<li><a>Acquisition, traitement, transformation, visualisation et archivage des donn\u00e9es&nbsp;<\/a>:<\/li>\n\n\n\n<li>\u00c9tudes &amp; D\u00e9veloppement (JavaScript ; JAVA\/JEE ; Python ; PHP)<\/li>\n\n\n\n<li>Informatique de gestion (ERP ; DATA INTEGRATION ; BI)<\/li>\n\n\n\n<li>Infrastructure &amp; Cloud (Support ; Exploitation ; Administration ; Syst\u00e8me)<\/li>\n\n\n\n<li>S\u00e9curit\u00e9 (RGPD ; Cybers\u00e9curit\u00e9)<\/li>\n\n\n\n<li>Impl\u00e9mentation des Normes d&rsquo;\u00e9change de donn\u00e9es <\/li>\n<\/ul>\n\n\n\n<p class=\"has-large-font-size\"><strong>P\u00f4le G\u00e9osciences<\/strong><\/p>\n\n\n\n<ul class=\"wp-block-list\">\n<li>Structuration des donn\u00e9es et mise en place de national repositories<\/li>\n\n\n\n<li>Inventaire et analyse des donn\u00e9es g\u00e9ologiques, g\u00e9ophysiques, p\u00e9tro-physiques et g\u00e9ochimiques<\/li>\n\n\n\n<li>Interpr\u00e9tation des donn\u00e9es sismiques et implantation des forages<\/li>\n\n\n\n<li>G\u00e9n\u00e9ration de mod\u00e8les statiques et dynamiques selon les workflows standards<\/li>\n\n\n\n<li>Visualisation et mise en place de G\u00e9o-portail<\/li>\n<\/ul>\n\n\n\n<p class=\"has-large-font-size\"><strong>P\u00f4le Conseil en Formation et Accompagnement<\/strong><\/p>\n\n\n\n<p>HADRATECH propose des offres de formation et coaching dans les domaines de l&rsquo;informatique, des mines, du p\u00e9trole et du Gaz.<\/p>\n\n\n\n<h2 class=\"wp-block-heading has-large-font-size\">\u00c9diteur et int\u00e9grateurs des logiciels <\/h2>\n\n\n\n<p>\u00e9diteur et int\u00e9grateur de logiciels d\u00e9di\u00e9s au monde de la sant\u00e9, hadratech s\u2019engage aupr\u00e8s des \u00e9quipes de chaque \u00e9tablissement pour mener \u00e0 bien leur projet d\u2019interop\u00e9rabilit\u00e9 dans le monde de l&rsquo;E-sant\u00e9. En s\u2019appuyant sur les derni\u00e8res technologies du march\u00e9.<\/p>\n\n\n\n<p>Nous sommes aussi \u00e9diteur des logiciels, notamment <strong><a href=\"https:\/\/hadratech.com\/hadratech\/?page_id=89\">Hadramed<\/a><\/strong>, solution de gestion int\u00e9gr\u00e9 des dossiers m\u00e9dicaux int\u00e9grant le processus du m\u00e9tier, gestion des r\u00e9f\u00e9rentiels, terminologie m\u00e9dicale et les rendez-vous.<\/p>\n\n\n\n<div class=\"wp-block-columns is-layout-flex wp-container-core-columns-is-layout-9d6595d7 wp-block-columns-is-layout-flex\">\n<div class=\"wp-block-column is-layout-flow wp-block-column-is-layout-flow\">\n<h2 class=\"wp-block-heading\">QUE FAIRE MAINTENANT ? <strong>que vous soyez, acc\u00e9dez \u00e0&nbsp;:<\/strong><\/h2>\n\n\n\n<ul class=\"wp-block-list\">\n<li><a href=\"https:\/\/hadratech.com\" target=\"_blank\" rel=\"noreferrer noopener\">SOLUTIONS TIC, site institutionel pour nous contacter<\/a><\/li>\n\n\n\n<li><a href=\"https:\/\/hadramed.hadratech.com\" target=\"_blank\" rel=\"noreferrer noopener\">Hadramed, HEALTHCARE Solution, Request DEMO !<\/a><\/li>\n\n\n\n<li><a href=\"https:\/\/hadratech.com\" target=\"_blank\" rel=\"noreferrer noopener\">Supply Chain , Medication Traceability Solution<\/a><\/li>\n\n\n\n<li><a href=\"https:\/\/hadratech.com\/?page_id=59\" data-type=\"page\" data-id=\"59\" target=\"_blank\" rel=\"noreferrer noopener\">Station 24\/24 , Moteur de recherche de Stations,et plus, Request, demandez une d\u00e9monstration<\/a><\/li>\n\n\n\n<li><a href=\"https:\/\/hadratech.com\/hadratech\/nous-contacter\/\">Nous contacter<\/a><\/li>\n<\/ul>\n<\/div>\n<\/div>\n\n\n\n<figure class=\"wp-block-embed is-type-wp-embed is-provider-hadratech wp-block-embed-hadratech\"><div class=\"wp-block-embed__wrapper\">\nhttps:\/\/hadratech.com\/2024\/08\/24\/presentation-generale-de-hadratech\n<\/div><\/figure>\n\n\n\n<figure class=\"wp-block-embed is-type-wp-embed is-provider-hadratech wp-block-embed-hadratech\"><div class=\"wp-block-embed__wrapper\">\nhttps:\/\/hadratech.com\/2024\/09\/06\/couplage-des-outils-dorchestration-et-la-planification-de-flux-de-travail-et-le-systeme-de-routage-de-messages-et-lintegration-entre-differents-systemes-pour-linteroperabilite-a-grande-echelle\n<\/div><\/figure>\n","protected":false},"excerpt":{"rendered":"<p>News : Innovation Sant\u00e9 Num\u00e9rique HADRATECH est une entreprise Franco mauritanienne sp\u00e9cialis\u00e9e dans les domaines des \u00e9tudes, de la transformation digitale, du Master Data Management (MDM), des Syst\u00e8mes d&rsquo;Information G\u00e9ographique (SIG) et des standards des \u00e9changes de donn\u00e9es. Nous collaborons avec des partenaires nationaux et internationaux pour garantir que nos prestations de service soient r\u00e9alis\u00e9es [&hellip;]<\/p>\n","protected":false},"author":1,"featured_media":0,"parent":140,"menu_order":0,"comment_status":"closed","ping_status":"closed","template":"","meta":{"footnotes":""},"class_list":["post-10","page","type-page","status-publish","hentry"],"_links":{"self":[{"href":"https:\/\/hadratech.com\/index.php?rest_route=\/wp\/v2\/pages\/10","targetHints":{"allow":["GET"]}}],"collection":[{"href":"https:\/\/hadratech.com\/index.php?rest_route=\/wp\/v2\/pages"}],"about":[{"href":"https:\/\/hadratech.com\/index.php?rest_route=\/wp\/v2\/types\/page"}],"author":[{"embeddable":true,"href":"https:\/\/hadratech.com\/index.php?rest_route=\/wp\/v2\/users\/1"}],"replies":[{"embeddable":true,"href":"https:\/\/hadratech.com\/index.php?rest_route=%2Fwp%2Fv2%2Fcomments&post=10"}],"version-history":[{"count":30,"href":"https:\/\/hadratech.com\/index.php?rest_route=\/wp\/v2\/pages\/10\/revisions"}],"predecessor-version":[{"id":277,"href":"https:\/\/hadratech.com\/index.php?rest_route=\/wp\/v2\/pages\/10\/revisions\/277"}],"up":[{"embeddable":true,"href":"https:\/\/hadratech.com\/index.php?rest_route=\/wp\/v2\/pages\/140"}],"wp:attachment":[{"href":"https:\/\/hadratech.com\/index.php?rest_route=%2Fwp%2Fv2%2Fmedia&parent=10"}],"curies":[{"name":"wp","href":"https:\/\/api.w.org\/{rel}","templated":true}]}}